{"id":2639,"date":"2018-04-04T12:30:45","date_gmt":"2018-04-04T12:30:45","guid":{"rendered":"http:\/\/www.cedrusquimica.com\/actividades\/por-sectores\/industrial-3\/"},"modified":"2023-09-27T09:35:22","modified_gmt":"2023-09-27T09:35:22","slug":"hosteleria","status":"publish","type":"page","link":"https:\/\/www.cedrusquimica.com\/actividades\/por-sectores\/hosteleria\/","title":{"rendered":"Hosteler\u00eda"},"content":{"rendered":"\t\t<div data-elementor-type=\"wp-post\" data-elementor-id=\"2639\" class=\"elementor elementor-2639\">\n\t\t\t\t\t\t<section class=\"elementor-section elementor-top-section elementor-element elementor-element-7cbab3a elementor-section-stretched elementor-section-height-min-height elementor-section-boxed elementor-section-height-default elementor-section-items-middle\" data-id=\"7cbab3a\" data-element_type=\"section\" data-e-type=\"section\" data-settings=\"{&quot;stretch_section&quot;:&quot;section-stretched&quot;}\">\n\t\t\t\t\t\t<div class=\"elementor-container elementor-column-gap-default\">\n\t\t\t\t\t<div class=\"elementor-column elementor-col-100 elementor-top-column elementor-element elementor-element-7325a0a\" data-id=\"7325a0a\" data-element_type=\"column\" data-e-type=\"column\">\n\t\t\t<div class=\"elementor-widget-wrap elementor-element-populated\">\n\t\t\t\t\t\t<section class=\"elementor-section elementor-inner-section elementor-element elementor-element-0c412fc elementor-section-full_width elementor-section-height-min-height elementor-section-height-default\" data-id=\"0c412fc\" data-element_type=\"section\" data-e-type=\"section\">\n\t\t\t\t\t\t<div class=\"elementor-container elementor-column-gap-default\">\n\t\t\t\t\t<div class=\"elementor-column elementor-col-50 elementor-inner-column elementor-element elementor-element-547d93d1\" data-id=\"547d93d1\" data-element_type=\"column\" data-e-type=\"column\" data-settings=\"{&quot;background_background&quot;:&quot;classic&quot;}\">\n\t\t\t<div class=\"elementor-widget-wrap elementor-element-populated\">\n\t\t\t\t\t\t<div class=\"elementor-element elementor-element-34c71a06 elementor-widget elementor-widget-heading\" data-id=\"34c71a06\" data-element_type=\"widget\" data-e-type=\"widget\" data-widget_type=\"heading.default\">\n\t\t\t\t<div class=\"elementor-widget-container\">\n\t\t\t\t\t<h3 class=\"elementor-heading-title elementor-size-large\"><a href=\"https:\/\/www.cedrusquimica.com\/actividades\/por-sectores\/hosteleria\/bares\">Bares<\/a><\/h3>\t\t\t\t<\/div>\n\t\t\t\t<\/div>\n\t\t\t\t\t<\/div>\n\t\t<\/div>\n\t\t\t\t<div class=\"elementor-column elementor-col-50 elementor-inner-column elementor-element elementor-element-f656a3a\" data-id=\"f656a3a\" data-element_type=\"column\" data-e-type=\"column\" data-settings=\"{&quot;background_background&quot;:&quot;classic&quot;}\">\n\t\t\t<div class=\"elementor-widget-wrap elementor-element-populated\">\n\t\t\t\t\t\t<div class=\"elementor-element elementor-element-59869c2 elementor-widget elementor-widget-heading\" data-id=\"59869c2\" data-element_type=\"widget\" data-e-type=\"widget\" data-widget_type=\"heading.default\">\n\t\t\t\t<div class=\"elementor-widget-container\">\n\t\t\t\t\t<h3 class=\"elementor-heading-title elementor-size-large\"><a href=\"https:\/\/www.cedrusquimica.com\/actividades\/por-sectores\/hosteleria\/restaurantes\">Restaurantes<\/a><\/h3>\t\t\t\t<\/div>\n\t\t\t\t<\/div>\n\t\t\t\t\t<\/div>\n\t\t<\/div>\n\t\t\t\t\t<\/div>\n\t\t<\/section>\n\t\t\t\t\t<\/div>\n\t\t<\/div>\n\t\t\t\t\t<\/div>\n\t\t<\/section>\n\t\t\t\t<section class=\"elementor-section elementor-top-section elementor-element elementor-element-168485e8 elementor-section-height-min-height elementor-section-content-top elementor-section-items-top elementor-section-stretched elementor-section-full_width elementor-section-height-default\" data-id=\"168485e8\" data-element_type=\"section\" data-e-type=\"section\" data-settings=\"{&quot;background_background&quot;:&quot;classic&quot;,&quot;stretch_section&quot;:&quot;section-stretched&quot;}\">\n\t\t\t\t\t\t\t<div class=\"elementor-background-overlay\"><\/div>\n\t\t\t\t\t\t\t<div class=\"elementor-container elementor-column-gap-default\">\n\t\t\t\t\t<div class=\"elementor-column elementor-col-100 elementor-top-column elementor-element elementor-element-344e503f\" data-id=\"344e503f\" data-element_type=\"column\" data-e-type=\"column\">\n\t\t\t<div class=\"elementor-widget-wrap elementor-element-populated\">\n\t\t\t\t\t\t<div class=\"elementor-element elementor-element-51a038c4 elementor-widget elementor-widget-heading\" data-id=\"51a038c4\" data-element_type=\"widget\" data-e-type=\"widget\" data-widget_type=\"heading.default\">\n\t\t\t\t<div class=\"elementor-widget-container\">\n\t\t\t\t\t<h2 class=\"elementor-heading-title elementor-size-default\">Si no encuentras un producto, contacta con nosotros<\/h2>\t\t\t\t<\/div>\n\t\t\t\t<\/div>\n\t\t\t\t<section class=\"elementor-section elementor-inner-section elementor-element elementor-element-1ba2cc1a elementor-section-boxed elementor-section-height-default elementor-section-height-default\" data-id=\"1ba2cc1a\" data-element_type=\"section\" data-e-type=\"section\" data-settings=\"{&quot;background_background&quot;:&quot;classic&quot;}\">\n\t\t\t\t\t\t<div class=\"elementor-container elementor-column-gap-default\">\n\t\t\t\t\t<div class=\"elementor-column elementor-col-50 elementor-inner-column elementor-element elementor-element-60b20429\" data-id=\"60b20429\" data-element_type=\"column\" data-e-type=\"column\" data-settings=\"{&quot;background_background&quot;:&quot;classic&quot;}\">\n\t\t\t<div class=\"elementor-widget-wrap elementor-element-populated\">\n\t\t\t\t\t\t<div class=\"elementor-element elementor-element-3b872ba1 elementor-widget elementor-widget-heading\" data-id=\"3b872ba1\" data-element_type=\"widget\" data-e-type=\"widget\" data-widget_type=\"heading.default\">\n\t\t\t\t<div class=\"elementor-widget-container\">\n\t\t\t\t\t<h2 class=\"elementor-heading-title elementor-size-default\">Te ayudamos?<\/h2>\t\t\t\t<\/div>\n\t\t\t\t<\/div>\n\t\t\t\t<div class=\"elementor-element elementor-element-308e3cf5 elementor-widget elementor-widget-text-editor\" data-id=\"308e3cf5\" data-element_type=\"widget\" data-e-type=\"widget\" data-widget_type=\"text-editor.default\">\n\t\t\t\t<div class=\"elementor-widget-container\">\n\t\t\t\t\t\t\t\t\t<p>Ll\u00e1manos al\u00a093 473 92 19 o rellena el formulario. Te atenderemos lo antes posible<\/p>\t\t\t\t\t\t\t\t<\/div>\n\t\t\t\t<\/div>\n\t\t\t\t\t<\/div>\n\t\t<\/div>\n\t\t\t\t<div class=\"elementor-column elementor-col-50 elementor-inner-column elementor-element elementor-element-1d843bc1\" data-id=\"1d843bc1\" data-element_type=\"column\" data-e-type=\"column\" data-settings=\"{&quot;background_background&quot;:&quot;classic&quot;}\">\n\t\t\t<div class=\"elementor-widget-wrap\">\n\t\t\t\t\t\t\t<\/div>\n\t\t<\/div>\n\t\t\t\t\t<\/div>\n\t\t<\/section>\n\t\t\t\t<div class=\"elementor-element elementor-element-1daffe97 elementor-widget elementor-widget-text-editor\" data-id=\"1daffe97\" data-element_type=\"widget\" data-e-type=\"widget\" data-widget_type=\"text-editor.default\">\n\t\t\t\t<div class=\"elementor-widget-container\">\n\t\t\t\t\t\t\t\t\t<p>Cedrus Chimia (Ce-Chimia) <span class=\"elementor-icon-list-text\">Carretera Sant Boi, 250 &#8211; 08620 Sant Vicen\u00e7 dels Horts (Barcelona) SPAIN<\/span><\/p>\t\t\t\t\t\t\t\t<\/div>\n\t\t\t\t<\/div>\n\t\t\t\t\t<\/div>\n\t\t<\/div>\n\t\t\t\t\t<\/div>\n\t\t<\/section>\n\t\t\t\t<\/div>\n\t\t","protected":false},"excerpt":{"rendered":"<p>Bares Restaurantes Si no encuentras un producto, contacta con nosotros Te ayudamos? Ll\u00e1manos al&nbsp;93 473 92 19 o rellena el formulario. Te atenderemos lo antes posible Cedrus Chimia (Ce-Chimia) Carretera Sant Boi, 250 &#8211; 08620 Sant Vicen\u00e7 dels Horts (Barcelona) SPAIN<\/p>\n","protected":false},"author":6,"featured_media":0,"parent":42,"menu_order":3,"comment_status":"closed","ping_status":"closed","template":"","meta":{"ocean_post_layout":"full-width","ocean_both_sidebars_style":"","ocean_both_sidebars_content_width":0,"ocean_both_sidebars_sidebars_width":0,"ocean_sidebar":"0","ocean_second_sidebar":"0","ocean_disable_margins":"enable","ocean_add_body_class":"","ocean_shortcode_before_top_bar":"","ocean_shortcode_after_top_bar":"","ocean_shortcode_before_header":"","ocean_shortcode_after_header":"","ocean_has_shortcode":"","ocean_shortcode_after_title":"","ocean_shortcode_before_footer_widgets":"","ocean_shortcode_after_footer_widgets":"","ocean_shortcode_before_footer_bottom":"","ocean_shortcode_after_footer_bottom":"","ocean_display_top_bar":"default","ocean_display_header":"default","ocean_header_style":"","ocean_center_header_left_menu":"0","ocean_custom_header_template":"0","ocean_custom_logo":0,"ocean_custom_retina_logo":0,"ocean_custom_logo_max_width":0,"ocean_custom_logo_tablet_max_width":0,"ocean_custom_logo_mobile_max_width":0,"ocean_custom_logo_max_height":0,"ocean_custom_logo_tablet_max_height":0,"ocean_custom_logo_mobile_max_height":0,"ocean_header_custom_menu":"0","ocean_menu_typo_font_family":"0","ocean_menu_typo_font_subset":"","ocean_menu_typo_font_size":0,"ocean_menu_typo_font_size_tablet":0,"ocean_menu_typo_font_size_mobile":0,"ocean_menu_typo_font_size_unit":"px","ocean_menu_typo_font_weight":"","ocean_menu_typo_font_weight_tablet":"","ocean_menu_typo_font_weight_mobile":"","ocean_menu_typo_transform":"","ocean_menu_typo_transform_tablet":"","ocean_menu_typo_transform_mobile":"","ocean_menu_typo_line_height":0,"ocean_menu_typo_line_height_tablet":0,"ocean_menu_typo_line_height_mobile":0,"ocean_menu_typo_line_height_unit":"","ocean_menu_typo_spacing":0,"ocean_menu_typo_spacing_tablet":0,"ocean_menu_typo_spacing_mobile":0,"ocean_menu_typo_spacing_unit":"","ocean_menu_link_color":"","ocean_menu_link_color_hover":"","ocean_menu_link_color_active":"","ocean_menu_link_background":"","ocean_menu_link_hover_background":"","ocean_menu_link_active_background":"","ocean_menu_social_links_bg":"","ocean_menu_social_hover_links_bg":"","ocean_menu_social_links_color":"","ocean_menu_social_hover_links_color":"","ocean_disable_title":"enable","ocean_disable_heading":"enable","ocean_post_title":"","ocean_post_subheading":"","ocean_post_title_style":"","ocean_post_title_background_color":"","ocean_post_title_background":0,"ocean_post_title_bg_image_position":"","ocean_post_title_bg_image_attachment":"","ocean_post_title_bg_image_repeat":"","ocean_post_title_bg_image_size":"","ocean_post_title_height":0,"ocean_post_title_bg_overlay":0.5,"ocean_post_title_bg_overlay_color":"","ocean_disable_breadcrumbs":"default","ocean_breadcrumbs_color":"","ocean_breadcrumbs_separator_color":"","ocean_breadcrumbs_links_color":"","ocean_breadcrumbs_links_hover_color":"","ocean_display_footer_widgets":"default","ocean_display_footer_bottom":"default","ocean_custom_footer_template":"0","footnotes":""},"class_list":["post-2639","page","type-page","status-publish","hentry","entry"],"yoast_head":"<!-- This site is optimized with the Yoast SEO plugin v27.4 - https:\/\/yoast.com\/product\/yoast-seo-wordpress\/ -->\n<title>Hosteler\u00eda - Cedrus Qu\u00edmica<\/title>\n<meta name=\"robots\" content=\"index, follow, max-snippet:-1, max-image-preview:large, max-video-preview:-1\" \/>\n<link rel=\"canonical\" href=\"https:\/\/www.cedrusquimica.com\/actividades\/por-sectores\/hosteleria\/\" \/>\n<meta property=\"og:locale\" content=\"es_ES\" \/>\n<meta property=\"og:type\" content=\"article\" \/>\n<meta property=\"og:title\" content=\"Hosteler\u00eda - Cedrus Qu\u00edmica\" \/>\n<meta property=\"og:description\" content=\"Bares Restaurantes Si no encuentras un producto, contacta con nosotros Te ayudamos? Ll\u00e1manos al&nbsp;93 473 92 19 o rellena el formulario. Te atenderemos lo antes posible Cedrus Chimia (Ce-Chimia) Carretera Sant Boi, 250 &#8211; 08620 Sant Vicen\u00e7 dels Horts (Barcelona) SPAIN\" \/>\n<meta property=\"og:url\" content=\"https:\/\/www.cedrusquimica.com\/actividades\/por-sectores\/hosteleria\/\" \/>\n<meta property=\"og:site_name\" content=\"Cedrus Qu\u00edmica\" \/>\n<meta property=\"article:modified_time\" content=\"2023-09-27T09:35:22+00:00\" \/>\n<meta name=\"twitter:card\" content=\"summary_large_image\" \/>\n<meta name=\"twitter:label1\" content=\"Tiempo de lectura\" \/>\n\t<meta name=\"twitter:data1\" content=\"1 minuto\" \/>\n<script type=\"application\/ld+json\" class=\"yoast-schema-graph\">{\"@context\":\"https:\\\/\\\/schema.org\",\"@graph\":[{\"@type\":\"WebPage\",\"@id\":\"https:\\\/\\\/www.cedrusquimica.com\\\/actividades\\\/por-sectores\\\/hosteleria\\\/\",\"url\":\"https:\\\/\\\/www.cedrusquimica.com\\\/actividades\\\/por-sectores\\\/hosteleria\\\/\",\"name\":\"Hosteler\u00eda - Cedrus Qu\u00edmica\",\"isPartOf\":{\"@id\":\"https:\\\/\\\/www.cedrusquimica.com\\\/actividades\\\/#website\"},\"datePublished\":\"2018-04-04T12:30:45+00:00\",\"dateModified\":\"2023-09-27T09:35:22+00:00\",\"breadcrumb\":{\"@id\":\"https:\\\/\\\/www.cedrusquimica.com\\\/actividades\\\/por-sectores\\\/hosteleria\\\/#breadcrumb\"},\"inLanguage\":\"es\",\"potentialAction\":[{\"@type\":\"ReadAction\",\"target\":[\"https:\\\/\\\/www.cedrusquimica.com\\\/actividades\\\/por-sectores\\\/hosteleria\\\/\"]}]},{\"@type\":\"BreadcrumbList\",\"@id\":\"https:\\\/\\\/www.cedrusquimica.com\\\/actividades\\\/por-sectores\\\/hosteleria\\\/#breadcrumb\",\"itemListElement\":[{\"@type\":\"ListItem\",\"position\":1,\"name\":\"Portada\",\"item\":\"https:\\\/\\\/www.cedrusquimica.com\\\/actividades\\\/\"},{\"@type\":\"ListItem\",\"position\":2,\"name\":\"Por sectores\",\"item\":\"https:\\\/\\\/www.cedrusquimica.com\\\/actividades\\\/\"},{\"@type\":\"ListItem\",\"position\":3,\"name\":\"Hosteler\u00eda\"}]},{\"@type\":\"WebSite\",\"@id\":\"https:\\\/\\\/www.cedrusquimica.com\\\/actividades\\\/#website\",\"url\":\"https:\\\/\\\/www.cedrusquimica.com\\\/actividades\\\/\",\"name\":\"Cedrus Qu\u00edmica\",\"description\":\"Fabricaci\u00f3n y venta de productos quimicos\",\"publisher\":{\"@id\":\"https:\\\/\\\/www.cedrusquimica.com\\\/actividades\\\/#organization\"},\"potentialAction\":[{\"@type\":\"SearchAction\",\"target\":{\"@type\":\"EntryPoint\",\"urlTemplate\":\"https:\\\/\\\/www.cedrusquimica.com\\\/actividades\\\/?s={search_term_string}\"},\"query-input\":{\"@type\":\"PropertyValueSpecification\",\"valueRequired\":true,\"valueName\":\"search_term_string\"}}],\"inLanguage\":\"es\"},{\"@type\":\"Organization\",\"@id\":\"https:\\\/\\\/www.cedrusquimica.com\\\/actividades\\\/#organization\",\"name\":\"Cedrus Qu\u00edmica\",\"url\":\"https:\\\/\\\/www.cedrusquimica.com\\\/actividades\\\/\",\"logo\":{\"@type\":\"ImageObject\",\"inLanguage\":\"es\",\"@id\":\"https:\\\/\\\/www.cedrusquimica.com\\\/actividades\\\/#\\\/schema\\\/logo\\\/image\\\/\",\"url\":\"https:\\\/\\\/www.cedrusquimica.com\\\/actividades\\\/wp-content\\\/uploads\\\/2018\\\/04\\\/logo-1.png\",\"contentUrl\":\"https:\\\/\\\/www.cedrusquimica.com\\\/actividades\\\/wp-content\\\/uploads\\\/2018\\\/04\\\/logo-1.png\",\"width\":200,\"height\":200,\"caption\":\"Cedrus Qu\u00edmica\"},\"image\":{\"@id\":\"https:\\\/\\\/www.cedrusquimica.com\\\/actividades\\\/#\\\/schema\\\/logo\\\/image\\\/\"}}]}<\/script>\n<!-- \/ Yoast SEO plugin. -->","yoast_head_json":{"title":"Hosteler\u00eda - Cedrus Qu\u00edmica","robots":{"index":"index","follow":"follow","max-snippet":"max-snippet:-1","max-image-preview":"max-image-preview:large","max-video-preview":"max-video-preview:-1"},"canonical":"https:\/\/www.cedrusquimica.com\/actividades\/por-sectores\/hosteleria\/","og_locale":"es_ES","og_type":"article","og_title":"Hosteler\u00eda - Cedrus Qu\u00edmica","og_description":"Bares Restaurantes Si no encuentras un producto, contacta con nosotros Te ayudamos? Ll\u00e1manos al&nbsp;93 473 92 19 o rellena el formulario. Te atenderemos lo antes posible Cedrus Chimia (Ce-Chimia) Carretera Sant Boi, 250 &#8211; 08620 Sant Vicen\u00e7 dels Horts (Barcelona) SPAIN","og_url":"https:\/\/www.cedrusquimica.com\/actividades\/por-sectores\/hosteleria\/","og_site_name":"Cedrus Qu\u00edmica","article_modified_time":"2023-09-27T09:35:22+00:00","twitter_card":"summary_large_image","twitter_misc":{"Tiempo de lectura":"1 minuto"},"schema":{"@context":"https:\/\/schema.org","@graph":[{"@type":"WebPage","@id":"https:\/\/www.cedrusquimica.com\/actividades\/por-sectores\/hosteleria\/","url":"https:\/\/www.cedrusquimica.com\/actividades\/por-sectores\/hosteleria\/","name":"Hosteler\u00eda - Cedrus Qu\u00edmica","isPartOf":{"@id":"https:\/\/www.cedrusquimica.com\/actividades\/#website"},"datePublished":"2018-04-04T12:30:45+00:00","dateModified":"2023-09-27T09:35:22+00:00","breadcrumb":{"@id":"https:\/\/www.cedrusquimica.com\/actividades\/por-sectores\/hosteleria\/#breadcrumb"},"inLanguage":"es","potentialAction":[{"@type":"ReadAction","target":["https:\/\/www.cedrusquimica.com\/actividades\/por-sectores\/hosteleria\/"]}]},{"@type":"BreadcrumbList","@id":"https:\/\/www.cedrusquimica.com\/actividades\/por-sectores\/hosteleria\/#breadcrumb","itemListElement":[{"@type":"ListItem","position":1,"name":"Portada","item":"https:\/\/www.cedrusquimica.com\/actividades\/"},{"@type":"ListItem","position":2,"name":"Por sectores","item":"https:\/\/www.cedrusquimica.com\/actividades\/"},{"@type":"ListItem","position":3,"name":"Hosteler\u00eda"}]},{"@type":"WebSite","@id":"https:\/\/www.cedrusquimica.com\/actividades\/#website","url":"https:\/\/www.cedrusquimica.com\/actividades\/","name":"Cedrus Qu\u00edmica","description":"Fabricaci\u00f3n y venta de productos quimicos","publisher":{"@id":"https:\/\/www.cedrusquimica.com\/actividades\/#organization"},"potentialAction":[{"@type":"SearchAction","target":{"@type":"EntryPoint","urlTemplate":"https:\/\/www.cedrusquimica.com\/actividades\/?s={search_term_string}"},"query-input":{"@type":"PropertyValueSpecification","valueRequired":true,"valueName":"search_term_string"}}],"inLanguage":"es"},{"@type":"Organization","@id":"https:\/\/www.cedrusquimica.com\/actividades\/#organization","name":"Cedrus Qu\u00edmica","url":"https:\/\/www.cedrusquimica.com\/actividades\/","logo":{"@type":"ImageObject","inLanguage":"es","@id":"https:\/\/www.cedrusquimica.com\/actividades\/#\/schema\/logo\/image\/","url":"https:\/\/www.cedrusquimica.com\/actividades\/wp-content\/uploads\/2018\/04\/logo-1.png","contentUrl":"https:\/\/www.cedrusquimica.com\/actividades\/wp-content\/uploads\/2018\/04\/logo-1.png","width":200,"height":200,"caption":"Cedrus Qu\u00edmica"},"image":{"@id":"https:\/\/www.cedrusquimica.com\/actividades\/#\/schema\/logo\/image\/"}}]}},"_links":{"self":[{"href":"https:\/\/www.cedrusquimica.com\/actividades\/wp-json\/wp\/v2\/pages\/2639","targetHints":{"allow":["GET"]}}],"collection":[{"href":"https:\/\/www.cedrusquimica.com\/actividades\/wp-json\/wp\/v2\/pages"}],"about":[{"href":"https:\/\/www.cedrusquimica.com\/actividades\/wp-json\/wp\/v2\/types\/page"}],"author":[{"embeddable":true,"href":"https:\/\/www.cedrusquimica.com\/actividades\/wp-json\/wp\/v2\/users\/6"}],"replies":[{"embeddable":true,"href":"https:\/\/www.cedrusquimica.com\/actividades\/wp-json\/wp\/v2\/comments?post=2639"}],"version-history":[{"count":10,"href":"https:\/\/www.cedrusquimica.com\/actividades\/wp-json\/wp\/v2\/pages\/2639\/revisions"}],"predecessor-version":[{"id":4739,"href":"https:\/\/www.cedrusquimica.com\/actividades\/wp-json\/wp\/v2\/pages\/2639\/revisions\/4739"}],"up":[{"embeddable":true,"href":"https:\/\/www.cedrusquimica.com\/actividades\/wp-json\/wp\/v2\/pages\/42"}],"wp:attachment":[{"href":"https:\/\/www.cedrusquimica.com\/actividades\/wp-json\/wp\/v2\/media?parent=2639"}],"curies":[{"name":"wp","href":"https:\/\/api.w.org\/{rel}","templated":true}]}}