{"id":366,"date":"2018-04-10T07:43:59","date_gmt":"2018-04-10T07:43:59","guid":{"rendered":"http:\/\/www.cedrusquimica.com\/actividades\/politica-de-privacidad\/"},"modified":"2018-09-27T10:11:07","modified_gmt":"2018-09-27T10:11:07","slug":"politica-de-privacidad","status":"publish","type":"page","link":"https:\/\/www.cedrusquimica.com\/actividades\/politica-de-privacidad\/","title":{"rendered":"Pol\u00edtica de Privacidad"},"content":{"rendered":"<h3>Pol\u00edtica de privacidad<\/h3>\n<p>Bienvenido a https:\/\/www.cedrusquimica.com\/actividades (el \u00abSitio\u00bb). Entendemos que la privacidad en l\u00ednea es importante para los usuarios de nuestro Sitio, especialmente cuando se realizan negocios. Esta declaraci\u00f3n rige nuestras pol\u00edticas de privacidad con respecto a los usuarios de el Sitio (\u00abVisitantes\u00bb) que visita sin realizar transacciones comerciales y Visitantes que se registran para realizar transacciones comerciales en el Sitio y hacen uso de los diversos servicios ofrecidos por Cedrus Qu\u00edmica (colectivamente, \u00abServicios\u00bb) (\u00abClientes Autorizados\u00bb).<\/p>\n<h3>\u00abInformaci\u00f3n de identificaci\u00f3n personal\u00bb<\/h3>\n<p>se refiere a cualquier informaci\u00f3n que identifique o pueda usarse para identificar, contactar o localizar a la persona a quien pertenece dicha informaci\u00f3n, incluidos, entre otros, nombre, direcci\u00f3n, n\u00famero de tel\u00e9fono, n\u00famero de fax, direcci\u00f3n de correo electr\u00f3nico, perfil financiero, seguridad social n\u00famero e informaci\u00f3n de la tarjeta de cr\u00e9dito. La informaci\u00f3n de identificaci\u00f3n personal no incluye informaci\u00f3n que se recopila de forma an\u00f3nima (es decir, sin identificaci\u00f3n del usuario individual) o informaci\u00f3n demogr\u00e1fica no conectada a una persona identificada.<\/p>\n<h3>\u00bfQu\u00e9 informaci\u00f3n de identificaci\u00f3n personal se recopila?<\/h3>\n<p>Podemos recopilar informaci\u00f3n b\u00e1sica del perfil de usuario de todos nuestros visitantes. Recopilamos la siguiente informaci\u00f3n adicional de nuestros Clientes autorizados: los nombres, direcciones, n\u00fameros de tel\u00e9fono y direcciones de correo electr\u00f3nico de los Clientes autorizados, la naturaleza y el tama\u00f1o del negocio, y la naturaleza y el tama\u00f1o del inventario publicitario que el Cliente autorizado tiene la intenci\u00f3n de comprar o vender.<\/p>\n<h3>\u00bfQu\u00e9 organizaciones est\u00e1n recopilando la informaci\u00f3n?<\/h3>\n<p>Adem\u00e1s de nuestra recopilaci\u00f3n directa de informaci\u00f3n, nuestros proveedores externos de servicios (como compa\u00f1\u00edas de tarjetas de cr\u00e9dito, c\u00e1maras de compensaci\u00f3n y bancos) que pueden proporcionar servicios tales como cr\u00e9dito, seguro y servicios de custodia pueden recopilar esta informaci\u00f3n de nuestros visitantes y clientes autorizados. No controlamos c\u00f3mo estos terceros usan dicha informaci\u00f3n, pero les pedimos que divulguen c\u00f3mo utilizan la informaci\u00f3n personal que les proporcionan los Visitantes y los Clientes Autorizados. Algunos de estos terceros pueden ser intermediarios que act\u00faan \u00fanicamente como enlaces en la cadena de distribuci\u00f3n y no almacenan, retienen ni utilizan la informaci\u00f3n que se les proporciona.<\/p>\n<h3>\u00bfC\u00f3mo usa el sitio la informaci\u00f3n de identificaci\u00f3n personal?<\/h3>\n<p>Usamos informaci\u00f3n de identificaci\u00f3n personal para personalizar el sitio, para hacer ofertas de servicios apropiados y para cumplir con las solicitudes de compra y venta en el sitio. Podemos enviarles un correo electr\u00f3nico a Visitantes y Clientes Autorizados sobre oportunidades de investigaci\u00f3n o compra y venta en el Sitio o informaci\u00f3n relacionada con el tema del Sitio. Tambi\u00e9n podemos utilizar informaci\u00f3n de identificaci\u00f3n personal para contactar a los visitantes y clientes autorizados en respuesta a consultas espec\u00edficas, o para proporcionar informaci\u00f3n solicitada.<\/p>\n<h3>\u00bfCon qui\u00e9n se puede compartir la informaci\u00f3n?<\/h3>\n<p>La informaci\u00f3n de identificaci\u00f3n personal sobre clientes autorizados puede ser compartida con otros clientes autorizados que deseen evaluar posibles transacciones con otros clientes autorizados. Podemos compartir informaci\u00f3n agregada sobre nuestros visitantes, incluidos los datos demogr\u00e1ficos de nuestros visitantes y clientes autorizados, con nuestras agencias afiliadas y proveedores externos. Tambi\u00e9n ofrecemos la oportunidad de \u00abrechazar\u00bb recibir informaci\u00f3n o ser contactado por nosotros o por cualquier agencia que act\u00fae en nuestro nombre.<\/p>\n<h3>\u00bfC\u00f3mo se almacena la informaci\u00f3n de identificaci\u00f3n personal?<\/h3>\n<p>La informaci\u00f3n de identificaci\u00f3n personal recopilada por Cedrus Qu\u00edmica se almacena de forma segura y no es accesible a terceros o empleados de Cedrus Qu\u00edmica, excepto para el uso indicado anteriormente.<\/p>\n<h3>\u00bfQu\u00e9 opciones est\u00e1n disponibles para los Visitantes con respecto a la recolecci\u00f3n, uso y distribuci\u00f3n de la informaci\u00f3n?<\/h3>\n<p>Los visitantes y Clientes Autorizados pueden optar por no recibir informaci\u00f3n no solicitada de nosotros o de nuestros proveedores y agencias afiliadas al contactarnos a los correos electr\u00f3nicos seg\u00fan lo indicado o poni\u00e9ndose en contacto con nosotros en<\/p>\n<h3>\u00bfSe usan cookies en el sitio?<\/h3>\n<p>Las cookies se utilizan por una variedad de razones. Usamos cookies para obtener informaci\u00f3n sobre las preferencias de nuestros visitantes y los servicios que seleccionan. Tambi\u00e9n utilizamos cookies para fines de seguridad para proteger a nuestros clientes autorizados. Por ejemplo, si un Cliente autorizado inicia sesi\u00f3n y el sitio no se utiliza durante m\u00e1s de 10 minutos, autom\u00e1ticamente desconectaremos al Cliente autorizado.<\/p>\n<h3>\u00bfC\u00f3mo utiliza Cedrus Qu\u00edmica la informaci\u00f3n de inicio de sesi\u00f3n?<\/h3>\n<p>Cedrus Qu\u00edmica utiliza informaci\u00f3n de inicio de sesi\u00f3n, que incluye, entre otras, direcciones IP, ISP y tipos de navegadores, para analizar tendencias, administrar el Sitio, rastrear el movimiento y el uso de un usuario, y recopilar informaci\u00f3n demogr\u00e1fica amplia.<\/p>\n<h3>\u00bfQu\u00e9 socios o proveedores de servicios tienen acceso a la informaci\u00f3n de identificaci\u00f3n personal de los visitantes y \/ o clientes autorizados en el sitio?<\/h3>\n<p>Cedrus Qu\u00edmica ha celebrado y continuar\u00e1 estableciendo asociaciones y otras afiliaciones con varios proveedores. Esos proveedores pueden tener acceso a cierta informaci\u00f3n de identificaci\u00f3n personal en funci\u00f3n de la necesidad de conocer la base para evaluar a los clientes autorizados para la elegibilidad del servicio.<\/p>\n<p>Nuestra pol\u00edtica no esconde\u00a0su recopilaci\u00f3n o uso de esta informaci\u00f3n. Divulgaci\u00f3n de informaci\u00f3n de identificaci\u00f3n personal para cumplir con la ley. Divulgaremos informaci\u00f3n de identificaci\u00f3n personal para cumplir con una orden judicial o citaci\u00f3n o una solicitud de una agencia de aplicaci\u00f3n de la ley para divulgar informaci\u00f3n. Tambi\u00e9n divulgaremos informaci\u00f3n de identificaci\u00f3n personal cuando sea razonablemente necesario para proteger la seguridad de nuestros visitantes y clientes autorizados.<\/p>\n<h3>\u00bfC\u00f3mo protege el sitio la informaci\u00f3n de identificaci\u00f3n personal?<\/h3>\n<p>Todos nuestros empleados est\u00e1n familiarizados con nuestra pol\u00edtica y pr\u00e1cticas de seguridad. Solo se puede acceder a la informaci\u00f3n de identificaci\u00f3n personal de nuestros visitantes y clientes autorizados a un n\u00famero limitado de empleados calificados a quienes se les da una contrase\u00f1a para poder acceder a la informaci\u00f3n. Auditamos nuestros sistemas y procesos de seguridad de forma regular. La informaci\u00f3n confidencial, como n\u00fameros de tarjetas de cr\u00e9dito o n\u00fameros de seguridad social, est\u00e1 protegida por protocolos de encriptaci\u00f3n, para proteger la informaci\u00f3n enviada a trav\u00e9s de Internet. Si bien tomamos medidas comercialmente razonables para mantener un sitio seguro, las comunicaciones electr\u00f3nicas y las bases de datos est\u00e1n sujetas a errores, alteraciones y allanamientos, y no podemos garantizar ni garantizar que tales eventos no se lleven a cabo y no seremos responsables ante los Visitantes o Autorizados. Clientes para tales ocurrencias.<\/p>\n<h3>\u00bfC\u00f3mo pueden los visitantes corregir cualquier inexactitud en la informaci\u00f3n de identificaci\u00f3n personal?<\/h3>\n<p>Los visitantes y clientes autorizados pueden ponerse en contacto con nosotros para actualizar la informaci\u00f3n de identificaci\u00f3n personal sobre ellos o para corregir las inexactitudes envi\u00e1ndonos un correo electr\u00f3nico a cedrus@cedrusquimica.com.<\/p>\n<h3>\u00bfPuede un visitante eliminar o desactivar la informaci\u00f3n de identificaci\u00f3n personal recopilada por el sitio?<\/h3>\n<p>Brindamos a los Visitantes y Clientes Autorizados un mecanismo para eliminar \/ desactivar la Informaci\u00f3n de Identificaci\u00f3n Personal de la base de datos del Sitio contactando. Sin embargo, debido a las copias de seguridad y registros de eliminaciones, puede ser imposible eliminar una entrada de Visitante sin retener cierta informaci\u00f3n residual. Una persona que solicite que se desactive la Informaci\u00f3n de identificaci\u00f3n personal tendr\u00e1 esta informaci\u00f3n funcionalmente eliminada, y no venderemos, transferiremos ni usaremos la Informaci\u00f3n de identificaci\u00f3n personal relacionada con esa persona de ninguna manera en el futuro.<\/p>\n<h3>\u00bfQu\u00e9 sucede si la pol\u00edtica de privacidad cambia?<\/h3>\n<p>Permitiremos que nuestros visitantes y clientes autorizados conozcan los cambios en nuestra pol\u00edtica de privacidad al publicar dichos cambios en el sitio. Sin embargo, si cambiamos nuestra pol\u00edtica de privacidad de una manera que podr\u00eda causar que la divulgaci\u00f3n de informaci\u00f3n de identificaci\u00f3n personal que un visitante o cliente autorizado solicit\u00f3 previamente no se divulgue, nos comunicaremos con dicho visitante o cliente autorizado para permitir que dicho visitante o cliente autorizado evite tal divulgaci\u00f3n. Enlaces: https:\/\/www.cedrusquimica.com\/actividades contiene enlaces a otros sitios web. Tenga en cuenta que cuando hace clic en uno de estos enlaces, se est\u00e1 moviendo a otro sitio web. Le recomendamos que lea las declaraciones de privacidad de estos sitios vinculados, ya que sus pol\u00edticas de privacidad pueden diferir de las nuestras.<\/p>\n","protected":false},"excerpt":{"rendered":"<p>Pol\u00edtica de privacidad Bienvenido a https:\/\/www.cedrusquimica.com\/actividades (el \u00abSitio\u00bb). Entendemos que la privacidad en l\u00ednea es importante para los usuarios de nuestro Sitio, especialmente cuando se realizan negocios. Esta declaraci\u00f3n rige nuestras pol\u00edticas de privacidad con respecto a los usuarios de el Sitio (\u00abVisitantes\u00bb) que visita sin realizar transacciones comerciales y Visitantes que se registran para [&hellip;]<\/p>\n","protected":false},"author":2,"featured_media":0,"parent":0,"menu_order":31,"comment_status":"closed","ping_status":"closed","template":"","meta":{"ocean_post_layout":"full-width","ocean_both_sidebars_style":"","ocean_both_sidebars_content_width":0,"ocean_both_sidebars_sidebars_width":0,"ocean_sidebar":"0","ocean_second_sidebar":"0","ocean_disable_margins":"enable","ocean_add_body_class":"","ocean_shortcode_before_top_bar":"","ocean_shortcode_after_top_bar":"","ocean_shortcode_before_header":"","ocean_shortcode_after_header":"","ocean_has_shortcode":"","ocean_shortcode_after_title":"","ocean_shortcode_before_footer_widgets":"","ocean_shortcode_after_footer_widgets":"","ocean_shortcode_before_footer_bottom":"","ocean_shortcode_after_footer_bottom":"","ocean_display_top_bar":"default","ocean_display_header":"default","ocean_header_style":"","ocean_center_header_left_menu":"0","ocean_custom_header_template":"0","ocean_custom_logo":0,"ocean_custom_retina_logo":0,"ocean_custom_logo_max_width":0,"ocean_custom_logo_tablet_max_width":0,"ocean_custom_logo_mobile_max_width":0,"ocean_custom_logo_max_height":0,"ocean_custom_logo_tablet_max_height":0,"ocean_custom_logo_mobile_max_height":0,"ocean_header_custom_menu":"0","ocean_menu_typo_font_family":"0","ocean_menu_typo_font_subset":"","ocean_menu_typo_font_size":0,"ocean_menu_typo_font_size_tablet":0,"ocean_menu_typo_font_size_mobile":0,"ocean_menu_typo_font_size_unit":"px","ocean_menu_typo_font_weight":"","ocean_menu_typo_font_weight_tablet":"","ocean_menu_typo_font_weight_mobile":"","ocean_menu_typo_transform":"","ocean_menu_typo_transform_tablet":"","ocean_menu_typo_transform_mobile":"","ocean_menu_typo_line_height":0,"ocean_menu_typo_line_height_tablet":0,"ocean_menu_typo_line_height_mobile":0,"ocean_menu_typo_line_height_unit":"","ocean_menu_typo_spacing":0,"ocean_menu_typo_spacing_tablet":0,"ocean_menu_typo_spacing_mobile":0,"ocean_menu_typo_spacing_unit":"","ocean_menu_link_color":"","ocean_menu_link_color_hover":"","ocean_menu_link_color_active":"","ocean_menu_link_background":"","ocean_menu_link_hover_background":"","ocean_menu_link_active_background":"","ocean_menu_social_links_bg":"","ocean_menu_social_hover_links_bg":"","ocean_menu_social_links_color":"","ocean_menu_social_hover_links_color":"","ocean_disable_title":"on","ocean_disable_heading":"default","ocean_post_title":"","ocean_post_subheading":"","ocean_post_title_style":"","ocean_post_title_background_color":"","ocean_post_title_background":0,"ocean_post_title_bg_image_position":"","ocean_post_title_bg_image_attachment":"","ocean_post_title_bg_image_repeat":"","ocean_post_title_bg_image_size":"","ocean_post_title_height":0,"ocean_post_title_bg_overlay":0.5,"ocean_post_title_bg_overlay_color":"","ocean_disable_breadcrumbs":"default","ocean_breadcrumbs_color":"","ocean_breadcrumbs_separator_color":"","ocean_breadcrumbs_links_color":"","ocean_breadcrumbs_links_hover_color":"","ocean_display_footer_widgets":"default","ocean_display_footer_bottom":"default","ocean_custom_footer_template":"0","footnotes":""},"class_list":["post-366","page","type-page","status-publish","hentry","entry"],"yoast_head":"<!-- This site is optimized with the Yoast SEO plugin v27.4 - https:\/\/yoast.com\/product\/yoast-seo-wordpress\/ -->\n<title>Pol\u00edtica de Privacidad - Cedrus Qu\u00edmica<\/title>\n<meta name=\"robots\" content=\"index, follow, max-snippet:-1, max-image-preview:large, max-video-preview:-1\" \/>\n<link rel=\"canonical\" href=\"https:\/\/www.cedrusquimica.com\/actividades\/politica-de-privacidad\/\" \/>\n<meta property=\"og:locale\" content=\"es_ES\" \/>\n<meta property=\"og:type\" content=\"article\" \/>\n<meta property=\"og:title\" content=\"Pol\u00edtica de Privacidad - Cedrus Qu\u00edmica\" \/>\n<meta property=\"og:description\" content=\"Pol\u00edtica de privacidad Bienvenido a https:\/\/www.cedrusquimica.com\/actividades (el \u00abSitio\u00bb). Entendemos que la privacidad en l\u00ednea es importante para los usuarios de nuestro Sitio, especialmente cuando se realizan negocios. Esta declaraci\u00f3n rige nuestras pol\u00edticas de privacidad con respecto a los usuarios de el Sitio (\u00abVisitantes\u00bb) que visita sin realizar transacciones comerciales y Visitantes que se registran para [&hellip;]\" \/>\n<meta property=\"og:url\" content=\"https:\/\/www.cedrusquimica.com\/actividades\/politica-de-privacidad\/\" \/>\n<meta property=\"og:site_name\" content=\"Cedrus Qu\u00edmica\" \/>\n<meta property=\"article:modified_time\" content=\"2018-09-27T10:11:07+00:00\" \/>\n<meta name=\"twitter:card\" content=\"summary_large_image\" \/>\n<meta name=\"twitter:label1\" content=\"Tiempo de lectura\" \/>\n\t<meta name=\"twitter:data1\" content=\"7 minutos\" \/>\n<script type=\"application\/ld+json\" class=\"yoast-schema-graph\">{\"@context\":\"https:\\\/\\\/schema.org\",\"@graph\":[{\"@type\":\"WebPage\",\"@id\":\"https:\\\/\\\/www.cedrusquimica.com\\\/actividades\\\/politica-de-privacidad\\\/\",\"url\":\"https:\\\/\\\/www.cedrusquimica.com\\\/actividades\\\/politica-de-privacidad\\\/\",\"name\":\"Pol\u00edtica de Privacidad - Cedrus Qu\u00edmica\",\"isPartOf\":{\"@id\":\"https:\\\/\\\/www.cedrusquimica.com\\\/actividades\\\/#website\"},\"datePublished\":\"2018-04-10T07:43:59+00:00\",\"dateModified\":\"2018-09-27T10:11:07+00:00\",\"breadcrumb\":{\"@id\":\"https:\\\/\\\/www.cedrusquimica.com\\\/actividades\\\/politica-de-privacidad\\\/#breadcrumb\"},\"inLanguage\":\"es\",\"potentialAction\":[{\"@type\":\"ReadAction\",\"target\":[\"https:\\\/\\\/www.cedrusquimica.com\\\/actividades\\\/politica-de-privacidad\\\/\"]}]},{\"@type\":\"BreadcrumbList\",\"@id\":\"https:\\\/\\\/www.cedrusquimica.com\\\/actividades\\\/politica-de-privacidad\\\/#breadcrumb\",\"itemListElement\":[{\"@type\":\"ListItem\",\"position\":1,\"name\":\"Portada\",\"item\":\"https:\\\/\\\/www.cedrusquimica.com\\\/actividades\\\/\"},{\"@type\":\"ListItem\",\"position\":2,\"name\":\"Pol\u00edtica de Privacidad\"}]},{\"@type\":\"WebSite\",\"@id\":\"https:\\\/\\\/www.cedrusquimica.com\\\/actividades\\\/#website\",\"url\":\"https:\\\/\\\/www.cedrusquimica.com\\\/actividades\\\/\",\"name\":\"Cedrus Qu\u00edmica\",\"description\":\"Fabricaci\u00f3n y venta de productos quimicos\",\"publisher\":{\"@id\":\"https:\\\/\\\/www.cedrusquimica.com\\\/actividades\\\/#organization\"},\"potentialAction\":[{\"@type\":\"SearchAction\",\"target\":{\"@type\":\"EntryPoint\",\"urlTemplate\":\"https:\\\/\\\/www.cedrusquimica.com\\\/actividades\\\/?s={search_term_string}\"},\"query-input\":{\"@type\":\"PropertyValueSpecification\",\"valueRequired\":true,\"valueName\":\"search_term_string\"}}],\"inLanguage\":\"es\"},{\"@type\":\"Organization\",\"@id\":\"https:\\\/\\\/www.cedrusquimica.com\\\/actividades\\\/#organization\",\"name\":\"Cedrus Qu\u00edmica\",\"url\":\"https:\\\/\\\/www.cedrusquimica.com\\\/actividades\\\/\",\"logo\":{\"@type\":\"ImageObject\",\"inLanguage\":\"es\",\"@id\":\"https:\\\/\\\/www.cedrusquimica.com\\\/actividades\\\/#\\\/schema\\\/logo\\\/image\\\/\",\"url\":\"https:\\\/\\\/www.cedrusquimica.com\\\/actividades\\\/wp-content\\\/uploads\\\/2018\\\/04\\\/logo-1.png\",\"contentUrl\":\"https:\\\/\\\/www.cedrusquimica.com\\\/actividades\\\/wp-content\\\/uploads\\\/2018\\\/04\\\/logo-1.png\",\"width\":200,\"height\":200,\"caption\":\"Cedrus Qu\u00edmica\"},\"image\":{\"@id\":\"https:\\\/\\\/www.cedrusquimica.com\\\/actividades\\\/#\\\/schema\\\/logo\\\/image\\\/\"}}]}<\/script>\n<!-- \/ Yoast SEO plugin. -->","yoast_head_json":{"title":"Pol\u00edtica de Privacidad - Cedrus Qu\u00edmica","robots":{"index":"index","follow":"follow","max-snippet":"max-snippet:-1","max-image-preview":"max-image-preview:large","max-video-preview":"max-video-preview:-1"},"canonical":"https:\/\/www.cedrusquimica.com\/actividades\/politica-de-privacidad\/","og_locale":"es_ES","og_type":"article","og_title":"Pol\u00edtica de Privacidad - Cedrus Qu\u00edmica","og_description":"Pol\u00edtica de privacidad Bienvenido a https:\/\/www.cedrusquimica.com\/actividades (el \u00abSitio\u00bb). Entendemos que la privacidad en l\u00ednea es importante para los usuarios de nuestro Sitio, especialmente cuando se realizan negocios. Esta declaraci\u00f3n rige nuestras pol\u00edticas de privacidad con respecto a los usuarios de el Sitio (\u00abVisitantes\u00bb) que visita sin realizar transacciones comerciales y Visitantes que se registran para [&hellip;]","og_url":"https:\/\/www.cedrusquimica.com\/actividades\/politica-de-privacidad\/","og_site_name":"Cedrus Qu\u00edmica","article_modified_time":"2018-09-27T10:11:07+00:00","twitter_card":"summary_large_image","twitter_misc":{"Tiempo de lectura":"7 minutos"},"schema":{"@context":"https:\/\/schema.org","@graph":[{"@type":"WebPage","@id":"https:\/\/www.cedrusquimica.com\/actividades\/politica-de-privacidad\/","url":"https:\/\/www.cedrusquimica.com\/actividades\/politica-de-privacidad\/","name":"Pol\u00edtica de Privacidad - Cedrus Qu\u00edmica","isPartOf":{"@id":"https:\/\/www.cedrusquimica.com\/actividades\/#website"},"datePublished":"2018-04-10T07:43:59+00:00","dateModified":"2018-09-27T10:11:07+00:00","breadcrumb":{"@id":"https:\/\/www.cedrusquimica.com\/actividades\/politica-de-privacidad\/#breadcrumb"},"inLanguage":"es","potentialAction":[{"@type":"ReadAction","target":["https:\/\/www.cedrusquimica.com\/actividades\/politica-de-privacidad\/"]}]},{"@type":"BreadcrumbList","@id":"https:\/\/www.cedrusquimica.com\/actividades\/politica-de-privacidad\/#breadcrumb","itemListElement":[{"@type":"ListItem","position":1,"name":"Portada","item":"https:\/\/www.cedrusquimica.com\/actividades\/"},{"@type":"ListItem","position":2,"name":"Pol\u00edtica de Privacidad"}]},{"@type":"WebSite","@id":"https:\/\/www.cedrusquimica.com\/actividades\/#website","url":"https:\/\/www.cedrusquimica.com\/actividades\/","name":"Cedrus Qu\u00edmica","description":"Fabricaci\u00f3n y venta de productos quimicos","publisher":{"@id":"https:\/\/www.cedrusquimica.com\/actividades\/#organization"},"potentialAction":[{"@type":"SearchAction","target":{"@type":"EntryPoint","urlTemplate":"https:\/\/www.cedrusquimica.com\/actividades\/?s={search_term_string}"},"query-input":{"@type":"PropertyValueSpecification","valueRequired":true,"valueName":"search_term_string"}}],"inLanguage":"es"},{"@type":"Organization","@id":"https:\/\/www.cedrusquimica.com\/actividades\/#organization","name":"Cedrus Qu\u00edmica","url":"https:\/\/www.cedrusquimica.com\/actividades\/","logo":{"@type":"ImageObject","inLanguage":"es","@id":"https:\/\/www.cedrusquimica.com\/actividades\/#\/schema\/logo\/image\/","url":"https:\/\/www.cedrusquimica.com\/actividades\/wp-content\/uploads\/2018\/04\/logo-1.png","contentUrl":"https:\/\/www.cedrusquimica.com\/actividades\/wp-content\/uploads\/2018\/04\/logo-1.png","width":200,"height":200,"caption":"Cedrus Qu\u00edmica"},"image":{"@id":"https:\/\/www.cedrusquimica.com\/actividades\/#\/schema\/logo\/image\/"}}]}},"_links":{"self":[{"href":"https:\/\/www.cedrusquimica.com\/actividades\/wp-json\/wp\/v2\/pages\/366","targetHints":{"allow":["GET"]}}],"collection":[{"href":"https:\/\/www.cedrusquimica.com\/actividades\/wp-json\/wp\/v2\/pages"}],"about":[{"href":"https:\/\/www.cedrusquimica.com\/actividades\/wp-json\/wp\/v2\/types\/page"}],"author":[{"embeddable":true,"href":"https:\/\/www.cedrusquimica.com\/actividades\/wp-json\/wp\/v2\/users\/2"}],"replies":[{"embeddable":true,"href":"https:\/\/www.cedrusquimica.com\/actividades\/wp-json\/wp\/v2\/comments?post=366"}],"version-history":[{"count":1,"href":"https:\/\/www.cedrusquimica.com\/actividades\/wp-json\/wp\/v2\/pages\/366\/revisions"}],"predecessor-version":[{"id":368,"href":"https:\/\/www.cedrusquimica.com\/actividades\/wp-json\/wp\/v2\/pages\/366\/revisions\/368"}],"wp:attachment":[{"href":"https:\/\/www.cedrusquimica.com\/actividades\/wp-json\/wp\/v2\/media?parent=366"}],"curies":[{"name":"wp","href":"https:\/\/api.w.org\/{rel}","templated":true}]}}